{"id":3926,"date":"2020-11-26T03:04:04","date_gmt":"2020-11-26T02:04:04","guid":{"rendered":"http:\/\/35.187.107.205\/product\/import-placeholder-for-6131\/"},"modified":"2021-09-04T20:58:17","modified_gmt":"2021-09-04T19:58:17","slug":"guantes-de-latex-desechables","status":"publish","type":"product","link":"https:\/\/brupharm.es\/en\/product\/guantes-de-latex-desechables\/","title":{"rendered":"Disposable Latex Gloves"},"content":{"rendered":"<div data-elementor-type=\"product-post\" data-elementor-id=\"3926\" class=\"elementor elementor-3926\" data-elementor-post-type=\"product\">\n\t\t\t\t\t\t<section class=\"elementor-section elementor-top-section elementor-element elementor-element-5185c42 elementor-section-full_width elementor-reverse-mobile elementor-section-height-default elementor-section-height-default\" data-id=\"5185c42\" data-element_type=\"section\" data-e-type=\"section\" data-settings=\"{&quot;background_background&quot;:&quot;classic&quot;}\">\n\t\t\t\t\t\t\t<div class=\"elementor-background-overlay\"><\/div>\n\t\t\t\t\t\t\t<div class=\"elementor-container elementor-column-gap-default\">\n\t\t\t\t\t<div class=\"elementor-column elementor-col-100 elementor-top-column elementor-element elementor-element-d84b9eb\" data-id=\"d84b9eb\" data-element_type=\"column\" data-e-type=\"column\" data-settings=\"{&quot;background_background&quot;:&quot;classic&quot;}\">\n\t\t\t<div class=\"elementor-widget-wrap elementor-element-populated\">\n\t\t\t\t\t\t<div class=\"elementor-element elementor-element-5605555b elementor-tabs-view-horizontal elementor-widget elementor-widget-tabs\" data-id=\"5605555b\" data-element_type=\"widget\" data-e-type=\"widget\" data-widget_type=\"tabs.default\">\n\t\t\t\t<div class=\"elementor-widget-container\">\n\t\t\t\t\t\t\t<div class=\"elementor-tabs\">\n\t\t\t<div class=\"elementor-tabs-wrapper\" role=\"tablist\" >\n\t\t\t\t\t\t\t\t\t<div id=\"elementor-tab-title-1441\" class=\"elementor-tab-title elementor-tab-desktop-title\" aria-selected=\"true\" data-tab=\"1\" role=\"tab\" tabindex=\"0\" aria-controls=\"elementor-tab-content-1441\" aria-expanded=\"false\">Features<\/div>\n\t\t\t\t\t\t\t\t\t<div id=\"elementor-tab-title-1442\" class=\"elementor-tab-title elementor-tab-desktop-title\" aria-selected=\"false\" data-tab=\"2\" role=\"tab\" tabindex=\"-1\" aria-controls=\"elementor-tab-content-1442\" aria-expanded=\"false\">Aplicaciones<\/div>\n\t\t\t\t\t\t\t\t\t<div id=\"elementor-tab-title-1443\" class=\"elementor-tab-title elementor-tab-desktop-title\" aria-selected=\"false\" data-tab=\"3\" role=\"tab\" tabindex=\"-1\" aria-controls=\"elementor-tab-content-1443\" aria-expanded=\"false\">Standards<\/div>\n\t\t\t\t\t\t\t<\/div>\n\t\t\t<div class=\"elementor-tabs-content-wrapper\" role=\"tablist\" aria-orientation=\"vertical\">\n\t\t\t\t\t\t\t\t\t<div class=\"elementor-tab-title elementor-tab-mobile-title\" aria-selected=\"true\" data-tab=\"1\" role=\"tab\" tabindex=\"0\" aria-controls=\"elementor-tab-content-1441\" aria-expanded=\"false\">Features<\/div>\n\t\t\t\t\t<div id=\"elementor-tab-content-1441\" class=\"elementor-tab-content elementor-clearfix\" data-tab=\"1\" role=\"tabpanel\" aria-labelledby=\"elementor-tab-title-1441\" tabindex=\"0\" hidden=\"false\"><div class=\"container\"><div class=\"col\"><div class=\"col-item\"><div class=\"item-img\" style=\"background-image: url('https:\/\/brupharm.es\/wp-content\/uploads\/2020\/12\/BPG-L01-04.jpg');\">\u00a0<\/div><div class=\"item-content\"><ul><li>Dise\u00f1ados para pon\u00e9rselos con facilidad y evitar el retroceso<\/li><li>Excelente sentido t\u00e1ctil<\/li><li>Con textura para un mejor agarre<\/li><li>Bajo nivel de prote\u00ednas extra\u00edbles y residuos qu\u00edmicos<\/li><li>Apto para la manipulaci\u00f3n de alimentos<\/li><li>AQL 1.5<\/li><\/ul><\/div><\/div><\/div><\/div><\/div>\n\t\t\t\t\t\t\t\t\t<div class=\"elementor-tab-title elementor-tab-mobile-title\" aria-selected=\"false\" data-tab=\"2\" role=\"tab\" tabindex=\"-1\" aria-controls=\"elementor-tab-content-1442\" aria-expanded=\"false\">Aplicaciones<\/div>\n\t\t\t\t\t<div id=\"elementor-tab-content-1442\" class=\"elementor-tab-content elementor-clearfix\" data-tab=\"2\" role=\"tabpanel\" aria-labelledby=\"elementor-tab-title-1442\" tabindex=\"0\" hidden=\"hidden\"><div class=\"container\"><div class=\"col\"><div class=\"col-item-2\"><div class=\"item-img-2\" style=\"background-image: url('https:\/\/brupharm.es\/wp-content\/uploads\/2020\/12\/BPG-L01-05.jpg');\">\u00a0<\/div><div class=\"item-content-2\"><ul><li>Prop\u00f3sitos m\u00e9dicos<\/li><li>Prop\u00f3sitos Sanitarios<\/li><li>Salud y enfermer\u00eda<\/li><li>Laboratorio<\/li><li>Prop\u00f3sitos Industriales<\/li><li>Industria de IT<\/li><li>Prop\u00f3sitos de limpieza en general<\/li><\/ul><\/div><\/div><\/div><\/div><\/div>\n\t\t\t\t\t\t\t\t\t<div class=\"elementor-tab-title elementor-tab-mobile-title\" aria-selected=\"false\" data-tab=\"3\" role=\"tab\" tabindex=\"-1\" aria-controls=\"elementor-tab-content-1443\" aria-expanded=\"false\">Standards<\/div>\n\t\t\t\t\t<div id=\"elementor-tab-content-1443\" class=\"elementor-tab-content elementor-clearfix\" data-tab=\"3\" role=\"tabpanel\" aria-labelledby=\"elementor-tab-title-1443\" tabindex=\"0\" hidden=\"hidden\"><table><thead><tr><th style=\"text-align: center;\">SKU<\/th><th style=\"text-align: center;\">Talla<\/th><th style=\"text-align: center;\">Color<\/th><th style=\"text-align: center;\">Packaging<\/th><th style=\"text-align: center;\">Standars<\/th><\/tr><\/thead><tbody><tr><td style=\"text-align: center;\">BPG-L01<\/td><td style=\"text-align: center;\">XS-XL<\/td><td style=\"text-align: center;\">Blanco, Azul<\/td><td style=\"text-align: left;\"><ul><li><span class=\"fontstyle0\">100Unidades\/1caja<\/span><\/li><li>1000Units\/1Carton<\/li><li><span style=\"font-family: inherit; font-size: inherit;\">Medidas Cart\u00f3n: 31.5&#215;25.8&#215;24.5cm<\/span><span style=\"font-family: inherit; font-size: inherit;\">\u00a0<\/span><\/li><\/ul><\/td><td><ul><li>EN 455<\/li><li>FDA<\/li><\/ul><\/td><\/tr><\/tbody><\/table><\/div>\n\t\t\t\t\t\t\t<\/div>\n\t\t<\/div>\n\t\t\t\t\t\t<\/div>\n\t\t\t\t<\/div>\n\t\t\t\t\t<\/div>\n\t\t<\/div>\n\t\t\t\t\t<\/div>\n\t\t<\/section>\n\t\t\t\t<\/div>","protected":false},"excerpt":{"rendered":"<p>Guantes\u00a0 desechables de primera calidad 100% l\u00e1tex resistentes a las perforaciones, prote\u00edna y nitrilo libre de polvo.\u00a0 Altamente el\u00e1sticos y suaves para uso en entornos m\u00e9dicos-sanitarios y profesionales. Protegen contra una amplia variedad de productos qu\u00edmicos.<\/p>","protected":false},"featured_media":5094,"comment_status":"open","ping_status":"closed","template":"","meta":[],"product_brand":[],"product_cat":[98,94],"product_tag":[],"class_list":{"0":"post-3926","1":"product","2":"type-product","3":"status-publish","4":"has-post-thumbnail","6":"product_cat-guantes","7":"product_cat-proteccion","9":"first","10":"instock","11":"taxable","12":"shipping-taxable","13":"purchasable","14":"product-type-simple","15":"layout-style-1","16":"col-md-4 col-sm-4 col-xs-6","17":"col-lg-3","18":"product-has-gallery","19":"product-style-quickview"},"_links":{"self":[{"href":"https:\/\/brupharm.es\/en\/wp-json\/wp\/v2\/product\/3926","targetHints":{"allow":["GET"]}}],"collection":[{"href":"https:\/\/brupharm.es\/en\/wp-json\/wp\/v2\/product"}],"about":[{"href":"https:\/\/brupharm.es\/en\/wp-json\/wp\/v2\/types\/product"}],"replies":[{"embeddable":true,"href":"https:\/\/brupharm.es\/en\/wp-json\/wp\/v2\/comments?post=3926"}],"version-history":[{"count":6,"href":"https:\/\/brupharm.es\/en\/wp-json\/wp\/v2\/product\/3926\/revisions"}],"predecessor-version":[{"id":8078,"href":"https:\/\/brupharm.es\/en\/wp-json\/wp\/v2\/product\/3926\/revisions\/8078"}],"wp:featuredmedia":[{"embeddable":true,"href":"https:\/\/brupharm.es\/en\/wp-json\/wp\/v2\/media\/5094"}],"wp:attachment":[{"href":"https:\/\/brupharm.es\/en\/wp-json\/wp\/v2\/media?parent=3926"}],"wp:term":[{"taxonomy":"product_brand","embeddable":true,"href":"https:\/\/brupharm.es\/en\/wp-json\/wp\/v2\/product_brand?post=3926"},{"taxonomy":"product_cat","embeddable":true,"href":"https:\/\/brupharm.es\/en\/wp-json\/wp\/v2\/product_cat?post=3926"},{"taxonomy":"product_tag","embeddable":true,"href":"https:\/\/brupharm.es\/en\/wp-json\/wp\/v2\/product_tag?post=3926"}],"curies":[{"name":"wp","href":"https:\/\/api.w.org\/{rel}","templated":true}]}}