{"id":3927,"date":"2020-11-26T03:04:04","date_gmt":"2020-11-26T02:04:04","guid":{"rendered":"http:\/\/35.187.107.205\/product\/import-placeholder-for-6138\/"},"modified":"2021-09-04T20:56:10","modified_gmt":"2021-09-04T19:56:10","slug":"guantes-de-nitrilo-desechables","status":"publish","type":"product","link":"https:\/\/brupharm.es\/en\/product\/guantes-de-nitrilo-desechables\/","title":{"rendered":"Nitrile Exam Gloves"},"content":{"rendered":"<div data-elementor-type=\"product-post\" data-elementor-id=\"3927\" class=\"elementor elementor-3927\" data-elementor-post-type=\"product\">\n\t\t\t\t\t\t<section class=\"elementor-section elementor-top-section elementor-element elementor-element-f869527 elementor-section-full_width elementor-section-height-default elementor-section-height-default\" data-id=\"f869527\" data-element_type=\"section\" data-e-type=\"section\" data-settings=\"{&quot;background_background&quot;:&quot;classic&quot;}\">\n\t\t\t\t\t\t\t<div class=\"elementor-background-overlay\"><\/div>\n\t\t\t\t\t\t\t<div class=\"elementor-container elementor-column-gap-default\">\n\t\t\t\t\t<div class=\"elementor-column elementor-col-100 elementor-top-column elementor-element elementor-element-492bcc1c\" data-id=\"492bcc1c\" data-element_type=\"column\" data-e-type=\"column\" data-settings=\"{&quot;background_background&quot;:&quot;classic&quot;}\">\n\t\t\t<div class=\"elementor-widget-wrap elementor-element-populated\">\n\t\t\t\t\t\t<div class=\"elementor-element elementor-element-4a8d6bf1 elementor-tabs-view-horizontal elementor-widget elementor-widget-tabs\" data-id=\"4a8d6bf1\" data-element_type=\"widget\" data-e-type=\"widget\" data-widget_type=\"tabs.default\">\n\t\t\t\t<div class=\"elementor-widget-container\">\n\t\t\t\t\t\t\t<div class=\"elementor-tabs\">\n\t\t\t<div class=\"elementor-tabs-wrapper\" role=\"tablist\" >\n\t\t\t\t\t\t\t\t\t<div id=\"elementor-tab-title-1251\" class=\"elementor-tab-title elementor-tab-desktop-title\" aria-selected=\"true\" data-tab=\"1\" role=\"tab\" tabindex=\"0\" aria-controls=\"elementor-tab-content-1251\" aria-expanded=\"false\">Features<\/div>\n\t\t\t\t\t\t\t\t\t<div id=\"elementor-tab-title-1252\" class=\"elementor-tab-title elementor-tab-desktop-title\" aria-selected=\"false\" data-tab=\"2\" role=\"tab\" tabindex=\"-1\" aria-controls=\"elementor-tab-content-1252\" aria-expanded=\"false\">Aplicaciones<\/div>\n\t\t\t\t\t\t\t\t\t<div id=\"elementor-tab-title-1253\" class=\"elementor-tab-title elementor-tab-desktop-title\" aria-selected=\"false\" data-tab=\"3\" role=\"tab\" tabindex=\"-1\" aria-controls=\"elementor-tab-content-1253\" aria-expanded=\"false\">Standards<\/div>\n\t\t\t\t\t\t\t<\/div>\n\t\t\t<div class=\"elementor-tabs-content-wrapper\" role=\"tablist\" aria-orientation=\"vertical\">\n\t\t\t\t\t\t\t\t\t<div class=\"elementor-tab-title elementor-tab-mobile-title\" aria-selected=\"true\" data-tab=\"1\" role=\"tab\" tabindex=\"0\" aria-controls=\"elementor-tab-content-1251\" aria-expanded=\"false\">Features<\/div>\n\t\t\t\t\t<div id=\"elementor-tab-content-1251\" class=\"elementor-tab-content elementor-clearfix\" data-tab=\"1\" role=\"tabpanel\" aria-labelledby=\"elementor-tab-title-1251\" tabindex=\"0\" hidden=\"false\"><div class=\"container\"><div class=\"col\"><div class=\"col-item\"><div class=\"item-img\" style=\"background-image: url('https:\/\/brupharm.es\/wp-content\/uploads\/2020\/12\/BPG-N01-04.jpg');\">\u00a0<\/div><div class=\"item-content\"><ul><li>Dise\u00f1ados para pon\u00e9rselos con facilidad y evitar el retroceso<\/li><li>Excelente suavidad y sentido t\u00e1ctil<\/li><li>Con textura para un mejor agarre<\/li><li>Sin prote\u00edna de l\u00e1tex para evitar alergias<\/li><li>Apto para la manipulaci\u00f3n de alimentos<\/li><li>AQL 1.5<\/li><\/ul><\/div><\/div><\/div><\/div><\/div>\n\t\t\t\t\t\t\t\t\t<div class=\"elementor-tab-title elementor-tab-mobile-title\" aria-selected=\"false\" data-tab=\"2\" role=\"tab\" tabindex=\"-1\" aria-controls=\"elementor-tab-content-1252\" aria-expanded=\"false\">Aplicaciones<\/div>\n\t\t\t\t\t<div id=\"elementor-tab-content-1252\" class=\"elementor-tab-content elementor-clearfix\" data-tab=\"2\" role=\"tabpanel\" aria-labelledby=\"elementor-tab-title-1252\" tabindex=\"0\" hidden=\"hidden\"><div class=\"container\"><div class=\"col\"><div class=\"col-item-2\"><div class=\"item-img-2\" style=\"background-image: url('https:\/\/brupharm.es\/wp-content\/uploads\/2020\/12\/BPG-N01-05.jpg');\">\u00a0<\/div><div class=\"item-content-2\"><ul><li>Prop\u00f3sitos m\u00e9dicos<\/li><li>Prop\u00f3sitos Sanitarios<\/li><li>Salud y enfermer\u00eda<\/li><li>Laboratorio<\/li><li>Prop\u00f3sitos Industriales<\/li><li>Industria de IT<\/li><li>Prop\u00f3sitos de limpieza en general<\/li><\/ul><\/div><\/div><\/div><\/div><\/div>\n\t\t\t\t\t\t\t\t\t<div class=\"elementor-tab-title elementor-tab-mobile-title\" aria-selected=\"false\" data-tab=\"3\" role=\"tab\" tabindex=\"-1\" aria-controls=\"elementor-tab-content-1253\" aria-expanded=\"false\">Standards<\/div>\n\t\t\t\t\t<div id=\"elementor-tab-content-1253\" class=\"elementor-tab-content elementor-clearfix\" data-tab=\"3\" role=\"tabpanel\" aria-labelledby=\"elementor-tab-title-1253\" tabindex=\"0\" hidden=\"hidden\"><table><thead><tr><th style=\"text-align: center;\">SKU<\/th><th style=\"text-align: center;\">Talla<\/th><th style=\"text-align: center;\">Color<\/th><th style=\"text-align: center;\">Packaging<\/th><th style=\"text-align: center;\">Standars<\/th><\/tr><\/thead><tbody><tr><td style=\"text-align: center;\">BPG-N01<\/td><td style=\"text-align: center;\">XS-XL<\/td><td style=\"text-align: center;\">Azul, Blanco\u00a0<\/td><td style=\"text-align: left;\"><ul><li><span class=\"fontstyle0\">100Unidades\/1caja<\/span><\/li><li>1000Units\/1Carton<\/li><li><span style=\"font-family: inherit; font-size: inherit;\">Medidas Cart\u00f3n: 31.5&#215;25.8&#215;24.5cm<\/span><span style=\"font-family: inherit; font-size: inherit;\">\u00a0<\/span><\/li><\/ul><\/td><td><ul><li>EN 374<\/li><li>EN 455<\/li><li>ASTM D6319<\/li><li>ASTM F1671<\/li><\/ul><\/td><\/tr><\/tbody><\/table><\/div>\n\t\t\t\t\t\t\t<\/div>\n\t\t<\/div>\n\t\t\t\t\t\t<\/div>\n\t\t\t\t<\/div>\n\t\t\t\t\t<\/div>\n\t\t<\/div>\n\t\t\t\t\t<\/div>\n\t\t<\/section>\n\t\t\t\t<\/div>","protected":false},"excerpt":{"rendered":"<p>Guantes hipoalerg\u00e9nicos de Nitrilo de primera calidad, flexibles y muy suaves, proporcionan una mayor seguridad en las aplicaciones. Dise\u00f1ados con una formulaci\u00f3n especial de Nitrilo, se ajustan perfectamente y permiten un rango completo de movimiento y una excelente flexibilidad para minimizar el estr\u00e9s y la fatiga.<\/p>","protected":false},"featured_media":5093,"comment_status":"open","ping_status":"closed","template":"","meta":[],"product_brand":[],"product_cat":[98,94],"product_tag":[],"class_list":{"0":"post-3927","1":"product","2":"type-product","3":"status-publish","4":"has-post-thumbnail","6":"product_cat-guantes","7":"product_cat-proteccion","9":"first","10":"instock","11":"taxable","12":"shipping-taxable","13":"purchasable","14":"product-type-simple","15":"layout-style-1","16":"col-md-4 col-sm-4 col-xs-6","17":"col-lg-3","18":"product-has-gallery","19":"product-style-quickview"},"_links":{"self":[{"href":"https:\/\/brupharm.es\/en\/wp-json\/wp\/v2\/product\/3927","targetHints":{"allow":["GET"]}}],"collection":[{"href":"https:\/\/brupharm.es\/en\/wp-json\/wp\/v2\/product"}],"about":[{"href":"https:\/\/brupharm.es\/en\/wp-json\/wp\/v2\/types\/product"}],"replies":[{"embeddable":true,"href":"https:\/\/brupharm.es\/en\/wp-json\/wp\/v2\/comments?post=3927"}],"version-history":[{"count":6,"href":"https:\/\/brupharm.es\/en\/wp-json\/wp\/v2\/product\/3927\/revisions"}],"predecessor-version":[{"id":8072,"href":"https:\/\/brupharm.es\/en\/wp-json\/wp\/v2\/product\/3927\/revisions\/8072"}],"wp:featuredmedia":[{"embeddable":true,"href":"https:\/\/brupharm.es\/en\/wp-json\/wp\/v2\/media\/5093"}],"wp:attachment":[{"href":"https:\/\/brupharm.es\/en\/wp-json\/wp\/v2\/media?parent=3927"}],"wp:term":[{"taxonomy":"product_brand","embeddable":true,"href":"https:\/\/brupharm.es\/en\/wp-json\/wp\/v2\/product_brand?post=3927"},{"taxonomy":"product_cat","embeddable":true,"href":"https:\/\/brupharm.es\/en\/wp-json\/wp\/v2\/product_cat?post=3927"},{"taxonomy":"product_tag","embeddable":true,"href":"https:\/\/brupharm.es\/en\/wp-json\/wp\/v2\/product_tag?post=3927"}],"curies":[{"name":"wp","href":"https:\/\/api.w.org\/{rel}","templated":true}]}}