{"id":5175,"date":"2020-12-29T03:04:17","date_gmt":"2020-12-29T02:04:17","guid":{"rendered":"https:\/\/brupharm.es\/?post_type=product&#038;p=5175"},"modified":"2021-09-04T21:13:53","modified_gmt":"2021-09-04T20:13:53","slug":"sprays-hidroalcoholicos","status":"publish","type":"product","link":"https:\/\/brupharm.es\/en\/product\/sprays-hidroalcoholicos\/","title":{"rendered":"Hand Sanitizer Spray"},"content":{"rendered":"<div data-elementor-type=\"product-post\" data-elementor-id=\"5175\" class=\"elementor elementor-5175\" data-elementor-post-type=\"product\">\n\t\t\t\t\t\t<section class=\"elementor-section elementor-top-section elementor-element elementor-element-5c0c0c0f elementor-section-full_width elementor-section-height-default elementor-section-height-default\" data-id=\"5c0c0c0f\" data-element_type=\"section\" data-e-type=\"section\" data-settings=\"{&quot;background_background&quot;:&quot;classic&quot;}\">\n\t\t\t\t\t\t\t<div class=\"elementor-background-overlay\"><\/div>\n\t\t\t\t\t\t\t<div class=\"elementor-container elementor-column-gap-default\">\n\t\t\t\t\t<div class=\"elementor-column elementor-col-100 elementor-top-column elementor-element elementor-element-69d0817e\" data-id=\"69d0817e\" data-element_type=\"column\" data-e-type=\"column\" data-settings=\"{&quot;background_background&quot;:&quot;classic&quot;}\">\n\t\t\t<div class=\"elementor-widget-wrap elementor-element-populated\">\n\t\t\t\t\t\t<div class=\"elementor-element elementor-element-7ddab7b8 elementor-tabs-view-horizontal elementor-widget elementor-widget-tabs\" data-id=\"7ddab7b8\" data-element_type=\"widget\" data-e-type=\"widget\" data-widget_type=\"tabs.default\">\n\t\t\t\t<div class=\"elementor-widget-container\">\n\t\t\t\t\t\t\t<div class=\"elementor-tabs\">\n\t\t\t<div class=\"elementor-tabs-wrapper\" role=\"tablist\" >\n\t\t\t\t\t\t\t\t\t<div id=\"elementor-tab-title-2111\" class=\"elementor-tab-title elementor-tab-desktop-title\" aria-selected=\"true\" data-tab=\"1\" role=\"tab\" tabindex=\"0\" aria-controls=\"elementor-tab-content-2111\" aria-expanded=\"false\">Features<\/div>\n\t\t\t\t\t\t\t\t\t<div id=\"elementor-tab-title-2112\" class=\"elementor-tab-title elementor-tab-desktop-title\" aria-selected=\"false\" data-tab=\"2\" role=\"tab\" tabindex=\"-1\" aria-controls=\"elementor-tab-content-2112\" aria-expanded=\"false\">Instructions<\/div>\n\t\t\t\t\t\t\t\t\t<div id=\"elementor-tab-title-2113\" class=\"elementor-tab-title elementor-tab-desktop-title\" aria-selected=\"false\" data-tab=\"3\" role=\"tab\" tabindex=\"-1\" aria-controls=\"elementor-tab-content-2113\" aria-expanded=\"false\">Standards<\/div>\n\t\t\t\t\t\t\t<\/div>\n\t\t\t<div class=\"elementor-tabs-content-wrapper\" role=\"tablist\" aria-orientation=\"vertical\">\n\t\t\t\t\t\t\t\t\t<div class=\"elementor-tab-title elementor-tab-mobile-title\" aria-selected=\"true\" data-tab=\"1\" role=\"tab\" tabindex=\"0\" aria-controls=\"elementor-tab-content-2111\" aria-expanded=\"false\">Features<\/div>\n\t\t\t\t\t<div id=\"elementor-tab-content-2111\" class=\"elementor-tab-content elementor-clearfix\" data-tab=\"1\" role=\"tabpanel\" aria-labelledby=\"elementor-tab-title-2111\" tabindex=\"0\" hidden=\"false\"><div class=\"container\"><div class=\"col\"><div class=\"col-item\"><div class=\"item-img\" style=\"background-image: url('https:\/\/brupharm.es\/wp-content\/uploads\/2020\/12\/BP-HSS-1.jpg');\">\u00a0<\/div><div class=\"item-content\"><ul><li>75% Etanol (Alcoh\u00f3l)<\/li><li>Aloe Vera, Carbomer, Aceite de lim\u00f3n, Glicerina, Agua<\/li><li>No se necesita lavar con agua<\/li><li>Secado r\u00e1pido<\/li><li>Elimina el 99,99% de los g\u00e9rmenes<\/li><li>Contiene humectante y deja las manos suaves<\/li><li>No deja sensaci\u00f3n de manos pegajosas<\/li><\/ul><\/div><\/div><\/div><\/div><\/div>\n\t\t\t\t\t\t\t\t\t<div class=\"elementor-tab-title elementor-tab-mobile-title\" aria-selected=\"false\" data-tab=\"2\" role=\"tab\" tabindex=\"-1\" aria-controls=\"elementor-tab-content-2112\" aria-expanded=\"false\">Instructions<\/div>\n\t\t\t\t\t<div id=\"elementor-tab-content-2112\" class=\"elementor-tab-content elementor-clearfix\" data-tab=\"2\" role=\"tabpanel\" aria-labelledby=\"elementor-tab-title-2112\" tabindex=\"0\" hidden=\"hidden\"><div class=\"container\"><div class=\"col\"><div class=\"col-item-2\"><div class=\"item-img-2\" style=\"background-image: url('https:\/\/brupharm.es\/wp-content\/uploads\/2020\/12\/BP-HSS-1.jpg');\">\u00a0<\/div><div class=\"item-content-2\"><p style=\"padding: 10px; text-align: center;\">Aplicar sobre manos sanas y secas, cuidando especialmente los espacios interdigitales y las yemas de los dedos, hasta la completa evaporaci\u00f3n del producto, aproximadamente 30 segundos. No aclarar con agua posteriormente, ev\u00edtese el contacto con los ojos, mucosas, zonas sensibles o enfermas de la piel.<\/p><\/div><\/div><\/div><\/div><\/div>\n\t\t\t\t\t\t\t\t\t<div class=\"elementor-tab-title elementor-tab-mobile-title\" aria-selected=\"false\" data-tab=\"3\" role=\"tab\" tabindex=\"-1\" aria-controls=\"elementor-tab-content-2113\" aria-expanded=\"false\">Standards<\/div>\n\t\t\t\t\t<div id=\"elementor-tab-content-2113\" class=\"elementor-tab-content elementor-clearfix\" data-tab=\"3\" role=\"tabpanel\" aria-labelledby=\"elementor-tab-title-2113\" tabindex=\"0\" hidden=\"hidden\"><table><thead><tr><th style=\"text-align: center;\">SKU<\/th><th style=\"text-align: center;\">Tama\u00f1o<\/th><th style=\"text-align: center;\">Packaging<\/th><th style=\"text-align: center;\">Dimensiones Cart\u00f3n<\/th><th style=\"text-align: center;\">Standars<\/th><\/tr><\/thead><tbody><tr><td style=\"text-align: center;\"><p>BPSH0155<\/p><p>BPSH01100<\/p><p>BPSH01250<\/p><\/td><td style=\"text-align: center;\"><p>55ml<\/p><p>100ml<\/p><p>250ml<\/p><\/td><td style=\"text-align: center;\"><p>160 unidades<\/p><p>96 unidades<\/p><p>42 unidades<\/p><\/td><td style=\"text-align: left;\"><p>34x28x29cm<\/p><p>33.5&#215;25.5&#215;31.5cm<\/p><p>38.5&#215;33.5&#215;21.5cm<\/p><\/td><td><ul><li>FDA<\/li><li>UNE EN 1276<\/li><li>UNE EN 1500<\/li><li>UNE EN 14348<\/li><li>UNE EN 1650<\/li><li>UNE EN 12791<\/li><\/ul><\/td><\/tr><\/tbody><\/table><\/div>\n\t\t\t\t\t\t\t<\/div>\n\t\t<\/div>\n\t\t\t\t\t\t<\/div>\n\t\t\t\t<\/div>\n\t\t\t\t\t<\/div>\n\t\t<\/div>\n\t\t\t\t\t<\/div>\n\t\t<\/section>\n\t\t\t\t<\/div>","protected":false},"excerpt":{"rendered":"<p>El Spray Hidroalcoh\u00f3lico es un antis\u00e9ptico formulado para uso frecuente, con eficacia certificada como bactericida y fungicida. Imprescindible para una limpieza higi\u00e9nica de manos en entornos sanitarios o quir\u00fargicos, as\u00ed como en la manipulaci\u00f3n de alimentos y el entorno dom\u00e9stico o comercial.<\/p>","protected":false},"featured_media":5182,"comment_status":"open","ping_status":"closed","template":"","meta":[],"product_brand":[],"product_cat":[104,94],"product_tag":[],"class_list":{"0":"post-5175","1":"product","2":"type-product","3":"status-publish","4":"has-post-thumbnail","6":"product_cat-gel-hidroalcoholico","7":"product_cat-proteccion","9":"first","10":"instock","11":"taxable","12":"shipping-taxable","13":"purchasable","14":"product-type-variable","15":"layout-style-1","16":"col-md-4 col-sm-4 col-xs-6","17":"col-lg-3","18":"product-has-gallery","19":"product-style-quickview"},"_links":{"self":[{"href":"https:\/\/brupharm.es\/en\/wp-json\/wp\/v2\/product\/5175","targetHints":{"allow":["GET"]}}],"collection":[{"href":"https:\/\/brupharm.es\/en\/wp-json\/wp\/v2\/product"}],"about":[{"href":"https:\/\/brupharm.es\/en\/wp-json\/wp\/v2\/types\/product"}],"replies":[{"embeddable":true,"href":"https:\/\/brupharm.es\/en\/wp-json\/wp\/v2\/comments?post=5175"}],"version-history":[{"count":3,"href":"https:\/\/brupharm.es\/en\/wp-json\/wp\/v2\/product\/5175\/revisions"}],"predecessor-version":[{"id":8102,"href":"https:\/\/brupharm.es\/en\/wp-json\/wp\/v2\/product\/5175\/revisions\/8102"}],"wp:featuredmedia":[{"embeddable":true,"href":"https:\/\/brupharm.es\/en\/wp-json\/wp\/v2\/media\/5182"}],"wp:attachment":[{"href":"https:\/\/brupharm.es\/en\/wp-json\/wp\/v2\/media?parent=5175"}],"wp:term":[{"taxonomy":"product_brand","embeddable":true,"href":"https:\/\/brupharm.es\/en\/wp-json\/wp\/v2\/product_brand?post=5175"},{"taxonomy":"product_cat","embeddable":true,"href":"https:\/\/brupharm.es\/en\/wp-json\/wp\/v2\/product_cat?post=5175"},{"taxonomy":"product_tag","embeddable":true,"href":"https:\/\/brupharm.es\/en\/wp-json\/wp\/v2\/product_tag?post=5175"}],"curies":[{"name":"wp","href":"https:\/\/api.w.org\/{rel}","templated":true}]}}