{"id":5263,"date":"2020-12-30T21:49:36","date_gmt":"2020-12-30T20:49:36","guid":{"rendered":"https:\/\/brupharm.es\/?post_type=product&#038;p=5263"},"modified":"2021-01-02T00:45:39","modified_gmt":"2021-01-01T23:45:39","slug":"termometro-infrarrojo-fr300","status":"publish","type":"product","link":"https:\/\/brupharm.es\/en\/product\/termometro-infrarrojo-fr300\/","title":{"rendered":"Infrared Thermometer FR300"},"content":{"rendered":"<div data-elementor-type=\"product-post\" data-elementor-id=\"5263\" class=\"elementor elementor-5263\" data-elementor-post-type=\"product\">\n\t\t\t\t\t\t<section class=\"elementor-section elementor-top-section elementor-element elementor-element-723595c6 elementor-section-full_width elementor-section-height-default elementor-section-height-default\" data-id=\"723595c6\" data-element_type=\"section\" data-e-type=\"section\" data-settings=\"{&quot;background_background&quot;:&quot;classic&quot;}\">\n\t\t\t\t\t\t\t<div class=\"elementor-background-overlay\"><\/div>\n\t\t\t\t\t\t\t<div class=\"elementor-container elementor-column-gap-default\">\n\t\t\t\t\t<div class=\"elementor-column elementor-col-100 elementor-top-column elementor-element elementor-element-218f414\" data-id=\"218f414\" data-element_type=\"column\" data-e-type=\"column\" data-settings=\"{&quot;background_background&quot;:&quot;classic&quot;}\">\n\t\t\t<div class=\"elementor-widget-wrap elementor-element-populated\">\n\t\t\t\t\t\t<div class=\"elementor-element elementor-element-93b0cf8 elementor-tabs-view-horizontal elementor-widget elementor-widget-tabs\" data-id=\"93b0cf8\" data-element_type=\"widget\" data-e-type=\"widget\" data-widget_type=\"tabs.default\">\n\t\t\t\t<div class=\"elementor-widget-container\">\n\t\t\t\t\t\t\t<div class=\"elementor-tabs\">\n\t\t\t<div class=\"elementor-tabs-wrapper\" role=\"tablist\" >\n\t\t\t\t\t\t\t\t\t<div id=\"elementor-tab-title-1541\" class=\"elementor-tab-title elementor-tab-desktop-title\" aria-selected=\"true\" data-tab=\"1\" role=\"tab\" tabindex=\"0\" aria-controls=\"elementor-tab-content-1541\" aria-expanded=\"false\">Features<\/div>\n\t\t\t\t\t\t\t\t\t<div id=\"elementor-tab-title-1542\" class=\"elementor-tab-title elementor-tab-desktop-title\" aria-selected=\"false\" data-tab=\"2\" role=\"tab\" tabindex=\"-1\" aria-controls=\"elementor-tab-content-1542\" aria-expanded=\"false\">Instructions<\/div>\n\t\t\t\t\t\t\t\t\t<div id=\"elementor-tab-title-1543\" class=\"elementor-tab-title elementor-tab-desktop-title\" aria-selected=\"false\" data-tab=\"3\" role=\"tab\" tabindex=\"-1\" aria-controls=\"elementor-tab-content-1543\" aria-expanded=\"false\">Standards<\/div>\n\t\t\t\t\t\t\t<\/div>\n\t\t\t<div class=\"elementor-tabs-content-wrapper\" role=\"tablist\" aria-orientation=\"vertical\">\n\t\t\t\t\t\t\t\t\t<div class=\"elementor-tab-title elementor-tab-mobile-title\" aria-selected=\"true\" data-tab=\"1\" role=\"tab\" tabindex=\"0\" aria-controls=\"elementor-tab-content-1541\" aria-expanded=\"false\">Features<\/div>\n\t\t\t\t\t<div id=\"elementor-tab-content-1541\" class=\"elementor-tab-content elementor-clearfix\" data-tab=\"1\" role=\"tabpanel\" aria-labelledby=\"elementor-tab-title-1541\" tabindex=\"0\" hidden=\"false\"><div class=\"container\">\n<div class=\"col\">\n<div class=\"col-item\">\n<div class=\"item-img\" style=\"background-image: url('https:\/\/brupharm-covid.com\/wp-content\/uploads\/2020\/12\/BP-FR412-01-1.jpg');\">&nbsp;<\/div>\n<div class=\"item-content\">\n<ul>\n<li>CE | FDA &#8211; Seguro, Higi\u00e9nico y f\u00e1cil de limpiar<\/li>\n<li>Toma de temperatura en 1 segundo a 3cm de distancia<\/li>\n<li>Indicador en grados Cent\u00edgrados y Fahrenheit<\/li>\n<li>Pantalla LCD con diferentes colores por temperaturas<\/li>\n<li>Almacena hasta 20 tomas de temperatura<\/li>\n<li>Mide temperatura de la frente-o\u00eddo y de objetos<\/li>\n<li>Alerta autom\u00e1tica de alta temperatura<\/li>\n<\/ul>\n<\/div>\n<\/div>\n<\/div>\n<\/div><\/div>\n\t\t\t\t\t\t\t\t\t<div class=\"elementor-tab-title elementor-tab-mobile-title\" aria-selected=\"false\" data-tab=\"2\" role=\"tab\" tabindex=\"-1\" aria-controls=\"elementor-tab-content-1542\" aria-expanded=\"false\">Instructions<\/div>\n\t\t\t\t\t<div id=\"elementor-tab-content-1542\" class=\"elementor-tab-content elementor-clearfix\" data-tab=\"2\" role=\"tabpanel\" aria-labelledby=\"elementor-tab-title-1542\" tabindex=\"0\" hidden=\"hidden\"><div class=\"container\"><div class=\"col\"><div class=\"col-item-2\"><div class=\"item-img-2\" style=\"background-image: url('https:\/\/brupharm-covid.com\/wp-content\/uploads\/2020\/12\/BP-FR412-05.jpg');\">\u00a0<\/div><div class=\"item-content-2\"><ol><li>Cubierta de sonda magn\u00e9tica<\/li><li>Term\u00f3metro de oreja<\/li><li>Selector Modo Temperatura \u00baC | \u00baF<\/li><li>Selector Modo Medici\u00f3n Frente | O\u00eddo | Objeto<\/li><li>Compartimento bater\u00edas<\/li><li>Bot\u00f3n Toma Temperatura<\/li><li>Bot\u00f3n Memoria ON | OFF<\/li><li>Pantalla LED<\/li><\/ol><\/div><\/div><\/div><\/div><\/div>\n\t\t\t\t\t\t\t\t\t<div class=\"elementor-tab-title elementor-tab-mobile-title\" aria-selected=\"false\" data-tab=\"3\" role=\"tab\" tabindex=\"-1\" aria-controls=\"elementor-tab-content-1543\" aria-expanded=\"false\">Standards<\/div>\n\t\t\t\t\t<div id=\"elementor-tab-content-1543\" class=\"elementor-tab-content elementor-clearfix\" data-tab=\"3\" role=\"tabpanel\" aria-labelledby=\"elementor-tab-title-1543\" tabindex=\"0\" hidden=\"hidden\"><div class=\"container\"><div class=\"col\"><div class=\"col-item-3\"><div class=\"item-img-3\" style=\"background-image: url('https:\/\/brupharm-covid.com\/wp-content\/uploads\/2020\/12\/BP-FR412-02.jpg');\">\u00a0<\/div><div class=\"item-content-3\"><ul><li>Rango Medici\u00f3n Frente:\u00a0 35 &#8211; 42.2 \u00baC \/ 95 &#8211; 108 \u00baF<\/li><li>Rango medici\u00f3n O\u00eddo: 35 &#8211; 42 \u00baC \/ 95 &#8211; 107.6 \u00baF<\/li><li>Rango Medici\u00f3n Objetos: 0 &#8211; 100 \u00baC \/ 32 &#8211; 212 \u00baF<\/li><li>Tiempo Medici\u00f3n: 1 segundo<\/li><li>Tiempo Latencia: Hasta 3 segundos<\/li><li>Unidad Medici\u00f3n: \u00baC | \u00baF<\/li><li>Memoria Lecturas: 20<\/li><li>Pantalla: LCD<\/li><li>Alimentaci\u00f3n: 2 bater\u00edas AAA\u00a0 incluidas<\/li><li>Dimensiones\/Peso: 15.49&#215;4.06&#215;4.82cm \/ 905gr<\/li><\/ul><\/div><\/div><\/div><\/div><\/div>\n\t\t\t\t\t\t\t<\/div>\n\t\t<\/div>\n\t\t\t\t\t\t<\/div>\n\t\t\t\t<\/div>\n\t\t\t\t\t<\/div>\n\t\t<\/div>\n\t\t\t\t\t<\/div>\n\t\t<\/section>\n\t\t\t\t<\/div>","protected":false},"excerpt":{"rendered":"<p>Term\u00f3metro profesional de alta precisi\u00f3n con medici\u00f3n mediante infrarrojos para personas y objetos. Se puede utilizar tanto en la frente como en el o\u00eddo a una distancia de 1-3 cm. La pantalla se ilumina en la medici\u00f3n: verde si no hay fiebre o rojo si hay presencia de fiebre.<\/p>","protected":false},"featured_media":5403,"comment_status":"open","ping_status":"closed","template":"","meta":[],"product_brand":[],"product_cat":[95,96],"product_tag":[],"class_list":{"0":"post-5263","1":"product","2":"type-product","3":"status-publish","4":"has-post-thumbnail","6":"product_cat-deteccion","7":"product_cat-termometros","9":"first","10":"instock","11":"taxable","12":"shipping-taxable","13":"purchasable","14":"product-type-simple","15":"layout-style-1","16":"col-md-4 col-sm-4 col-xs-6","17":"col-lg-3","18":"product-has-gallery","19":"product-style-quickview"},"_links":{"self":[{"href":"https:\/\/brupharm.es\/en\/wp-json\/wp\/v2\/product\/5263","targetHints":{"allow":["GET"]}}],"collection":[{"href":"https:\/\/brupharm.es\/en\/wp-json\/wp\/v2\/product"}],"about":[{"href":"https:\/\/brupharm.es\/en\/wp-json\/wp\/v2\/types\/product"}],"replies":[{"embeddable":true,"href":"https:\/\/brupharm.es\/en\/wp-json\/wp\/v2\/comments?post=5263"}],"version-history":[{"count":0,"href":"https:\/\/brupharm.es\/en\/wp-json\/wp\/v2\/product\/5263\/revisions"}],"wp:featuredmedia":[{"embeddable":true,"href":"https:\/\/brupharm.es\/en\/wp-json\/wp\/v2\/media\/5403"}],"wp:attachment":[{"href":"https:\/\/brupharm.es\/en\/wp-json\/wp\/v2\/media?parent=5263"}],"wp:term":[{"taxonomy":"product_brand","embeddable":true,"href":"https:\/\/brupharm.es\/en\/wp-json\/wp\/v2\/product_brand?post=5263"},{"taxonomy":"product_cat","embeddable":true,"href":"https:\/\/brupharm.es\/en\/wp-json\/wp\/v2\/product_cat?post=5263"},{"taxonomy":"product_tag","embeddable":true,"href":"https:\/\/brupharm.es\/en\/wp-json\/wp\/v2\/product_tag?post=5263"}],"curies":[{"name":"wp","href":"https:\/\/api.w.org\/{rel}","templated":true}]}}