{"id":5308,"date":"2020-12-31T02:37:10","date_gmt":"2020-12-31T01:37:10","guid":{"rendered":"https:\/\/brupharm.es\/?post_type=product&#038;p=5308"},"modified":"2021-09-04T23:08:42","modified_gmt":"2021-09-04T22:08:42","slug":"termometro-infrarrojo-bp2102","status":"publish","type":"product","link":"https:\/\/brupharm.es\/en\/product\/termometro-infrarrojo-bp2102\/","title":{"rendered":"Infrared Thermometer BP2102"},"content":{"rendered":"<div data-elementor-type=\"product-post\" data-elementor-id=\"5308\" class=\"elementor elementor-5308\" data-elementor-post-type=\"product\">\n\t\t\t\t\t\t<section class=\"elementor-section elementor-top-section elementor-element elementor-element-4d1dcf73 elementor-section-full_width elementor-section-height-default elementor-section-height-default\" data-id=\"4d1dcf73\" data-element_type=\"section\" data-e-type=\"section\" data-settings=\"{&quot;background_background&quot;:&quot;classic&quot;}\">\n\t\t\t\t\t\t\t<div class=\"elementor-background-overlay\"><\/div>\n\t\t\t\t\t\t\t<div class=\"elementor-container elementor-column-gap-default\">\n\t\t\t\t\t<div class=\"elementor-column elementor-col-100 elementor-top-column elementor-element elementor-element-20d2004f\" data-id=\"20d2004f\" data-element_type=\"column\" data-e-type=\"column\" data-settings=\"{&quot;background_background&quot;:&quot;classic&quot;}\">\n\t\t\t<div class=\"elementor-widget-wrap elementor-element-populated\">\n\t\t\t\t\t\t<div class=\"elementor-element elementor-element-51a51fa9 elementor-tabs-view-horizontal elementor-widget elementor-widget-tabs\" data-id=\"51a51fa9\" data-element_type=\"widget\" data-e-type=\"widget\" data-widget_type=\"tabs.default\">\n\t\t\t\t<div class=\"elementor-widget-container\">\n\t\t\t\t\t\t\t<div class=\"elementor-tabs\">\n\t\t\t<div class=\"elementor-tabs-wrapper\" role=\"tablist\" >\n\t\t\t\t\t\t\t\t\t<div id=\"elementor-tab-title-1361\" class=\"elementor-tab-title elementor-tab-desktop-title\" aria-selected=\"true\" data-tab=\"1\" role=\"tab\" tabindex=\"0\" aria-controls=\"elementor-tab-content-1361\" aria-expanded=\"false\">Features<\/div>\n\t\t\t\t\t\t\t\t\t<div id=\"elementor-tab-title-1362\" class=\"elementor-tab-title elementor-tab-desktop-title\" aria-selected=\"false\" data-tab=\"2\" role=\"tab\" tabindex=\"-1\" aria-controls=\"elementor-tab-content-1362\" aria-expanded=\"false\">Instructions<\/div>\n\t\t\t\t\t\t\t\t\t<div id=\"elementor-tab-title-1363\" class=\"elementor-tab-title elementor-tab-desktop-title\" aria-selected=\"false\" data-tab=\"3\" role=\"tab\" tabindex=\"-1\" aria-controls=\"elementor-tab-content-1363\" aria-expanded=\"false\">Standards<\/div>\n\t\t\t\t\t\t\t<\/div>\n\t\t\t<div class=\"elementor-tabs-content-wrapper\" role=\"tablist\" aria-orientation=\"vertical\">\n\t\t\t\t\t\t\t\t\t<div class=\"elementor-tab-title elementor-tab-mobile-title\" aria-selected=\"true\" data-tab=\"1\" role=\"tab\" tabindex=\"0\" aria-controls=\"elementor-tab-content-1361\" aria-expanded=\"false\">Features<\/div>\n\t\t\t\t\t<div id=\"elementor-tab-content-1361\" class=\"elementor-tab-content elementor-clearfix\" data-tab=\"1\" role=\"tabpanel\" aria-labelledby=\"elementor-tab-title-1361\" tabindex=\"0\" hidden=\"false\"><div class=\"container\"><div class=\"col\"><div class=\"col-item\"><div class=\"item-img\" style=\"background-image: url('https:\/\/brupharm.es\/wp-content\/uploads\/2020\/12\/BP-2102-02-1.jpg');\">\u00a0<\/div><div class=\"item-content\"><ul><li>Mide temperatura de la frente, habitaci\u00f3n y objetos<\/li><li>Lectura de voz con audio incorporado<\/li><li>Toma de temperatura en 1 segundo a 3cm de distancia<\/li><li>Indicador en grados Cent\u00edgrados y Fahrenheit<\/li><li>Pantalla LCD con diferentes colores por temperaturas<\/li><li>Almacena hasta 32 tomas de temperatura<\/li><li>Apagado autom\u00e1tico despu\u00e9s de 30 segundos inactivo<\/li><\/ul><\/div><\/div><\/div><\/div><\/div>\n\t\t\t\t\t\t\t\t\t<div class=\"elementor-tab-title elementor-tab-mobile-title\" aria-selected=\"false\" data-tab=\"2\" role=\"tab\" tabindex=\"-1\" aria-controls=\"elementor-tab-content-1362\" aria-expanded=\"false\">Instructions<\/div>\n\t\t\t\t\t<div id=\"elementor-tab-content-1362\" class=\"elementor-tab-content elementor-clearfix\" data-tab=\"2\" role=\"tabpanel\" aria-labelledby=\"elementor-tab-title-1362\" tabindex=\"0\" hidden=\"hidden\"><div class=\"container\"><div class=\"col\"><div class=\"col-item-2\"><div class=\"item-img-2\" style=\"background-image: url('https:\/\/brupharm.es\/wp-content\/uploads\/2020\/12\/BP-2102-04.jpg');\">\u00a0<\/div><div class=\"item-content-2\"><ol><li>Pantalla LCD Tricolor<\/li><li>Bot\u00f3n Modo Opciones<\/li><li>Altavoz<\/li><li>Sonido ON | OFF<\/li><li>Modo Temperatura<\/li><li>Funci\u00f3n Memoria<\/li><li>Encendido | Escanear<\/li><li>Bater\u00edas<\/li><\/ol><\/div><\/div><\/div><\/div><\/div>\n\t\t\t\t\t\t\t\t\t<div class=\"elementor-tab-title elementor-tab-mobile-title\" aria-selected=\"false\" data-tab=\"3\" role=\"tab\" tabindex=\"-1\" aria-controls=\"elementor-tab-content-1363\" aria-expanded=\"false\">Standards<\/div>\n\t\t\t\t\t<div id=\"elementor-tab-content-1363\" class=\"elementor-tab-content elementor-clearfix\" data-tab=\"3\" role=\"tabpanel\" aria-labelledby=\"elementor-tab-title-1363\" tabindex=\"0\" hidden=\"hidden\"><div class=\"container\"><div class=\"col\"><div class=\"col-item-3\"><div class=\"item-img-3\" style=\"background-image: url('https:\/\/brupharm.es\/wp-content\/uploads\/2020\/12\/BP-2102-03B.jpg');\">\u00a0<\/div><div class=\"item-content-3\"><ul><li>Rango Medici\u00f3n Frente:\u00a0 32 &#8211; 42.8 \u00baC \/ 89.6 &#8211; 109.2 \u00baF<\/li><li>Rango Habitaci\u00f3n: 0 &#8211; 42 \u00baC \/ 32 &#8211; 104 \u00baF<\/li><li>Rango Medici\u00f3n Objetos: 0 &#8211; 60 \u00baC \/ 32 &#8211; 140 \u00baF<\/li><li>Tiempo Medici\u00f3n: 1 segundo<\/li><li>Unidad Medici\u00f3n: \u00baC | \u00baF<\/li><li>Memoria Lecturas: 32<\/li><li>Pantalla: LCD Tricolor<\/li><li>Alimentaci\u00f3n: 2 bater\u00edas AAA incluidas<\/li><li>Dimensiones\/Peso: 17.52&#215;12.95&#215;6.60cm \/ 750gr<\/li><\/ul><\/div><\/div><\/div><\/div><\/div>\n\t\t\t\t\t\t\t<\/div>\n\t\t<\/div>\n\t\t\t\t\t\t<\/div>\n\t\t\t\t<\/div>\n\t\t\t\t\t<\/div>\n\t\t<\/div>\n\t\t\t\t\t<\/div>\n\t\t<\/section>\n\t\t\t\t<\/div>","protected":false},"excerpt":{"rendered":"<p>Este term\u00f3metro profesional sin contacto ha sido desarrollado para utilizar la \u00faltima tecnolog\u00eda infrarroja. Permite tomar la temperatura de la Frente a una distancia de unos 3-5 cm de la frente. Preciso, instant\u00e1neo y sin contacto.<\/p>","protected":false},"featured_media":5402,"comment_status":"open","ping_status":"closed","template":"","meta":[],"product_brand":[],"product_cat":[95,96],"product_tag":[],"class_list":{"0":"post-5308","1":"product","2":"type-product","3":"status-publish","4":"has-post-thumbnail","6":"product_cat-deteccion","7":"product_cat-termometros","9":"first","10":"instock","11":"taxable","12":"shipping-taxable","13":"purchasable","14":"product-type-simple","15":"layout-style-1","16":"col-md-4 col-sm-4 col-xs-6","17":"col-lg-3","18":"product-has-gallery","19":"product-style-quickview"},"_links":{"self":[{"href":"https:\/\/brupharm.es\/en\/wp-json\/wp\/v2\/product\/5308","targetHints":{"allow":["GET"]}}],"collection":[{"href":"https:\/\/brupharm.es\/en\/wp-json\/wp\/v2\/product"}],"about":[{"href":"https:\/\/brupharm.es\/en\/wp-json\/wp\/v2\/types\/product"}],"replies":[{"embeddable":true,"href":"https:\/\/brupharm.es\/en\/wp-json\/wp\/v2\/comments?post=5308"}],"version-history":[{"count":3,"href":"https:\/\/brupharm.es\/en\/wp-json\/wp\/v2\/product\/5308\/revisions"}],"predecessor-version":[{"id":8139,"href":"https:\/\/brupharm.es\/en\/wp-json\/wp\/v2\/product\/5308\/revisions\/8139"}],"wp:featuredmedia":[{"embeddable":true,"href":"https:\/\/brupharm.es\/en\/wp-json\/wp\/v2\/media\/5402"}],"wp:attachment":[{"href":"https:\/\/brupharm.es\/en\/wp-json\/wp\/v2\/media?parent=5308"}],"wp:term":[{"taxonomy":"product_brand","embeddable":true,"href":"https:\/\/brupharm.es\/en\/wp-json\/wp\/v2\/product_brand?post=5308"},{"taxonomy":"product_cat","embeddable":true,"href":"https:\/\/brupharm.es\/en\/wp-json\/wp\/v2\/product_cat?post=5308"},{"taxonomy":"product_tag","embeddable":true,"href":"https:\/\/brupharm.es\/en\/wp-json\/wp\/v2\/product_tag?post=5308"}],"curies":[{"name":"wp","href":"https:\/\/api.w.org\/{rel}","templated":true}]}}