{"id":5327,"date":"2021-01-01T17:40:04","date_gmt":"2021-01-01T16:40:04","guid":{"rendered":"https:\/\/brupharm.es\/?post_type=product&#038;p=5327"},"modified":"2021-09-04T22:52:10","modified_gmt":"2021-09-04T21:52:10","slug":"termometro-infrarrojo-bpft90","status":"publish","type":"product","link":"https:\/\/brupharm.es\/en\/product\/termometro-infrarrojo-bpft90\/","title":{"rendered":"Infrared Thermometer BPFT90"},"content":{"rendered":"<div data-elementor-type=\"product-post\" data-elementor-id=\"5327\" class=\"elementor elementor-5327\" data-elementor-post-type=\"product\">\n\t\t\t\t\t\t<section class=\"elementor-section elementor-top-section elementor-element elementor-element-649fdd1e elementor-section-full_width elementor-section-height-default elementor-section-height-default\" data-id=\"649fdd1e\" data-element_type=\"section\" data-e-type=\"section\" data-settings=\"{&quot;background_background&quot;:&quot;classic&quot;}\">\n\t\t\t\t\t\t\t<div class=\"elementor-background-overlay\"><\/div>\n\t\t\t\t\t\t\t<div class=\"elementor-container elementor-column-gap-default\">\n\t\t\t\t\t<div class=\"elementor-column elementor-col-100 elementor-top-column elementor-element elementor-element-5678f14f\" data-id=\"5678f14f\" data-element_type=\"column\" data-e-type=\"column\" data-settings=\"{&quot;background_background&quot;:&quot;classic&quot;}\">\n\t\t\t<div class=\"elementor-widget-wrap elementor-element-populated\">\n\t\t\t\t\t\t<div class=\"elementor-element elementor-element-29c87d79 elementor-tabs-view-horizontal elementor-widget elementor-widget-tabs\" data-id=\"29c87d79\" data-element_type=\"widget\" data-e-type=\"widget\" data-widget_type=\"tabs.default\">\n\t\t\t\t<div class=\"elementor-widget-container\">\n\t\t\t\t\t\t\t<div class=\"elementor-tabs\">\n\t\t\t<div class=\"elementor-tabs-wrapper\" role=\"tablist\" >\n\t\t\t\t\t\t\t\t\t<div id=\"elementor-tab-title-7011\" class=\"elementor-tab-title elementor-tab-desktop-title\" aria-selected=\"true\" data-tab=\"1\" role=\"tab\" tabindex=\"0\" aria-controls=\"elementor-tab-content-7011\" aria-expanded=\"false\">Features<\/div>\n\t\t\t\t\t\t\t\t\t<div id=\"elementor-tab-title-7012\" class=\"elementor-tab-title elementor-tab-desktop-title\" aria-selected=\"false\" data-tab=\"2\" role=\"tab\" tabindex=\"-1\" aria-controls=\"elementor-tab-content-7012\" aria-expanded=\"false\">Instructions<\/div>\n\t\t\t\t\t\t\t\t\t<div id=\"elementor-tab-title-7013\" class=\"elementor-tab-title elementor-tab-desktop-title\" aria-selected=\"false\" data-tab=\"3\" role=\"tab\" tabindex=\"-1\" aria-controls=\"elementor-tab-content-7013\" aria-expanded=\"false\">Standards<\/div>\n\t\t\t\t\t\t\t<\/div>\n\t\t\t<div class=\"elementor-tabs-content-wrapper\" role=\"tablist\" aria-orientation=\"vertical\">\n\t\t\t\t\t\t\t\t\t<div class=\"elementor-tab-title elementor-tab-mobile-title\" aria-selected=\"true\" data-tab=\"1\" role=\"tab\" tabindex=\"0\" aria-controls=\"elementor-tab-content-7011\" aria-expanded=\"false\">Features<\/div>\n\t\t\t\t\t<div id=\"elementor-tab-content-7011\" class=\"elementor-tab-content elementor-clearfix\" data-tab=\"1\" role=\"tabpanel\" aria-labelledby=\"elementor-tab-title-7011\" tabindex=\"0\" hidden=\"false\"><div class=\"container\"><div class=\"col\"><div class=\"col-item\"><div class=\"item-img\" style=\"background-image: url('https:\/\/brupharm.es\/wp-content\/uploads\/2021\/01\/BPTIFT90-01-1.jpg');\">\u00a0<\/div><div class=\"item-content\"><ul><li>Seguro, Higi\u00e9nico y f\u00e1cil de limpiar<\/li><li>Medici\u00f3n temperatura corporal, ambiente y superficies<\/li><li>Distancia de medici\u00f3n 2 &#8211; 3\u00a0cm<\/li><li>Indicador en grados Cent\u00edgrados y Fahrenheit<\/li><li>Pantalla LCD \u00a0XL retroiluminaci\u00f3n azul<\/li><li>Almacena hasta 60 tomas de temperatura<\/li><li>Sound control (On | Off)<\/li><li>Se\u00f1al ac\u00fastica al final de la medici\u00f3n<\/li><li>Con estuche<\/li><\/ul><\/div><\/div><\/div><\/div><\/div>\n\t\t\t\t\t\t\t\t\t<div class=\"elementor-tab-title elementor-tab-mobile-title\" aria-selected=\"false\" data-tab=\"2\" role=\"tab\" tabindex=\"-1\" aria-controls=\"elementor-tab-content-7012\" aria-expanded=\"false\">Instructions<\/div>\n\t\t\t\t\t<div id=\"elementor-tab-content-7012\" class=\"elementor-tab-content elementor-clearfix\" data-tab=\"2\" role=\"tabpanel\" aria-labelledby=\"elementor-tab-title-7012\" tabindex=\"0\" hidden=\"hidden\"><div class=\"container\"><div class=\"col\"><div class=\"col-item-2\"><div class=\"item-img-2\" style=\"background-image: url('https:\/\/brupharm.es\/wp-content\/uploads\/2021\/01\/BPTIFT90-05.jpg');\">\u00a0<\/div><div class=\"item-content-2\"><ol><li>Pantalla LCD<\/li><li>Bot\u00f3n MODO | MEMORIA<\/li><li>Bot\u00f3n ON | OFF<\/li><li>Bot\u00f3n LUZ | CONFIGURACI\u00d3N<\/li><li>Bot\u00f3n Toma Temperatura<\/li><li>Sensor Medici\u00f3n<\/li><li>Desbloqueo Compartimento Bater\u00edas<\/li><li>Tapa Compartimento Bater\u00edas<\/li><\/ol><\/div><\/div><\/div><\/div><\/div>\n\t\t\t\t\t\t\t\t\t<div class=\"elementor-tab-title elementor-tab-mobile-title\" aria-selected=\"false\" data-tab=\"3\" role=\"tab\" tabindex=\"-1\" aria-controls=\"elementor-tab-content-7013\" aria-expanded=\"false\">Standards<\/div>\n\t\t\t\t\t<div id=\"elementor-tab-content-7013\" class=\"elementor-tab-content elementor-clearfix\" data-tab=\"3\" role=\"tabpanel\" aria-labelledby=\"elementor-tab-title-7013\" tabindex=\"0\" hidden=\"hidden\"><div class=\"container\"><div class=\"col\"><div class=\"col-item-3\"><div class=\"item-img-3\" style=\"background-image: url('https:\/\/brupharm.es\/wp-content\/uploads\/2021\/01\/BPTIFT90-01-1.jpg');\">\u00a0<\/div><div class=\"item-content-3\"><ul><li>Rango Medici\u00f3n Frente:\u00a0 34 &#8211; 42.2 \u00baC \/ 93.2 &#8211; 108 \u00baF<\/li><li>Rango Medici\u00f3n Objetos: -22 &#8211; 80 \u00baC \/ -7.6 &#8211; 176 \u00baF<\/li><li>Tiempo Medici\u00f3n: 1 segundo<\/li><li>Precisi\u00f3n Cl\u00ednica Repetici\u00f3n: 0,23\u00b0C &#8211; 0,41\u00b0F<\/li><li>Unidad Medici\u00f3n: \u00baC | \u00baF<\/li><li>Memoria Lecturas: 60<\/li><li>Pantalla: LCD XL<\/li><li>Alimentaci\u00f3n: 2 bater\u00edas AAA no incluidas<\/li><li>Dimensiones | Peso: 18.80&#215;47.60x29cm \/ 82 gr<\/li><\/ul><\/div><\/div><\/div><\/div><\/div>\n\t\t\t\t\t\t\t<\/div>\n\t\t<\/div>\n\t\t\t\t\t\t<\/div>\n\t\t\t\t<\/div>\n\t\t\t\t\t<\/div>\n\t\t<\/div>\n\t\t\t\t\t<\/div>\n\t\t<\/section>\n\t\t\t\t<\/div>","protected":false},"excerpt":{"rendered":"<p>Term\u00f3metro por Infrarrojos profesional sin contacto con la piel de \u00faltima tecnolog\u00eda desarrollado en Alemania. Este term\u00f3metro cl\u00ednico mide la temperatura corporal, la temperatura ambiente y la temperatura de superficies con una precisi\u00f3n absoluta.<\/p>","protected":false},"featured_media":5367,"comment_status":"open","ping_status":"closed","template":"","meta":[],"product_brand":[],"product_cat":[95,96],"product_tag":[],"class_list":{"0":"post-5327","1":"product","2":"type-product","3":"status-publish","4":"has-post-thumbnail","6":"product_cat-deteccion","7":"product_cat-termometros","9":"first","10":"instock","11":"taxable","12":"shipping-taxable","13":"purchasable","14":"product-type-simple","15":"layout-style-1","16":"col-md-4 col-sm-4 col-xs-6","17":"col-lg-3","18":"product-has-gallery","19":"product-style-quickview"},"_links":{"self":[{"href":"https:\/\/brupharm.es\/en\/wp-json\/wp\/v2\/product\/5327","targetHints":{"allow":["GET"]}}],"collection":[{"href":"https:\/\/brupharm.es\/en\/wp-json\/wp\/v2\/product"}],"about":[{"href":"https:\/\/brupharm.es\/en\/wp-json\/wp\/v2\/types\/product"}],"replies":[{"embeddable":true,"href":"https:\/\/brupharm.es\/en\/wp-json\/wp\/v2\/comments?post=5327"}],"version-history":[{"count":3,"href":"https:\/\/brupharm.es\/en\/wp-json\/wp\/v2\/product\/5327\/revisions"}],"predecessor-version":[{"id":8124,"href":"https:\/\/brupharm.es\/en\/wp-json\/wp\/v2\/product\/5327\/revisions\/8124"}],"wp:featuredmedia":[{"embeddable":true,"href":"https:\/\/brupharm.es\/en\/wp-json\/wp\/v2\/media\/5367"}],"wp:attachment":[{"href":"https:\/\/brupharm.es\/en\/wp-json\/wp\/v2\/media?parent=5327"}],"wp:term":[{"taxonomy":"product_brand","embeddable":true,"href":"https:\/\/brupharm.es\/en\/wp-json\/wp\/v2\/product_brand?post=5327"},{"taxonomy":"product_cat","embeddable":true,"href":"https:\/\/brupharm.es\/en\/wp-json\/wp\/v2\/product_cat?post=5327"},{"taxonomy":"product_tag","embeddable":true,"href":"https:\/\/brupharm.es\/en\/wp-json\/wp\/v2\/product_tag?post=5327"}],"curies":[{"name":"wp","href":"https:\/\/api.w.org\/{rel}","templated":true}]}}