{"id":5407,"date":"2021-01-02T18:31:40","date_gmt":"2021-01-02T17:31:40","guid":{"rendered":"https:\/\/brupharm.es\/?post_type=product&#038;p=5407"},"modified":"2021-09-04T22:55:11","modified_gmt":"2021-09-04T21:55:11","slug":"pulsioximetro-bp50d4","status":"publish","type":"product","link":"https:\/\/brupharm.es\/en\/product\/pulsioximetro-bp50d4\/","title":{"rendered":"Pulse Oximeter BP50D4"},"content":{"rendered":"<div data-elementor-type=\"product-post\" data-elementor-id=\"5407\" class=\"elementor elementor-5407\" data-elementor-post-type=\"product\">\n\t\t\t\t\t\t<section class=\"elementor-section elementor-top-section elementor-element elementor-element-6bacd47b elementor-section-full_width elementor-section-height-default elementor-section-height-default\" data-id=\"6bacd47b\" data-element_type=\"section\" data-e-type=\"section\" data-settings=\"{&quot;background_background&quot;:&quot;classic&quot;}\">\n\t\t\t\t\t\t\t<div class=\"elementor-background-overlay\"><\/div>\n\t\t\t\t\t\t\t<div class=\"elementor-container elementor-column-gap-default\">\n\t\t\t\t\t<div class=\"elementor-column elementor-col-100 elementor-top-column elementor-element elementor-element-6151c398\" data-id=\"6151c398\" data-element_type=\"column\" data-e-type=\"column\" data-settings=\"{&quot;background_background&quot;:&quot;classic&quot;}\">\n\t\t\t<div class=\"elementor-widget-wrap elementor-element-populated\">\n\t\t\t\t\t\t<div class=\"elementor-element elementor-element-23680ee4 elementor-tabs-view-horizontal elementor-widget elementor-widget-tabs\" data-id=\"23680ee4\" data-element_type=\"widget\" data-e-type=\"widget\" data-widget_type=\"tabs.default\">\n\t\t\t\t<div class=\"elementor-widget-container\">\n\t\t\t\t\t\t\t<div class=\"elementor-tabs\">\n\t\t\t<div class=\"elementor-tabs-wrapper\" role=\"tablist\" >\n\t\t\t\t\t\t\t\t\t<div id=\"elementor-tab-title-5941\" class=\"elementor-tab-title elementor-tab-desktop-title\" aria-selected=\"true\" data-tab=\"1\" role=\"tab\" tabindex=\"0\" aria-controls=\"elementor-tab-content-5941\" aria-expanded=\"false\">Features<\/div>\n\t\t\t\t\t\t\t\t\t<div id=\"elementor-tab-title-5942\" class=\"elementor-tab-title elementor-tab-desktop-title\" aria-selected=\"false\" data-tab=\"2\" role=\"tab\" tabindex=\"-1\" aria-controls=\"elementor-tab-content-5942\" aria-expanded=\"false\">Instructions<\/div>\n\t\t\t\t\t\t\t\t\t<div id=\"elementor-tab-title-5943\" class=\"elementor-tab-title elementor-tab-desktop-title\" aria-selected=\"false\" data-tab=\"3\" role=\"tab\" tabindex=\"-1\" aria-controls=\"elementor-tab-content-5943\" aria-expanded=\"false\">Standards<\/div>\n\t\t\t\t\t\t\t<\/div>\n\t\t\t<div class=\"elementor-tabs-content-wrapper\" role=\"tablist\" aria-orientation=\"vertical\">\n\t\t\t\t\t\t\t\t\t<div class=\"elementor-tab-title elementor-tab-mobile-title\" aria-selected=\"true\" data-tab=\"1\" role=\"tab\" tabindex=\"0\" aria-controls=\"elementor-tab-content-5941\" aria-expanded=\"false\">Features<\/div>\n\t\t\t\t\t<div id=\"elementor-tab-content-5941\" class=\"elementor-tab-content elementor-clearfix\" data-tab=\"1\" role=\"tabpanel\" aria-labelledby=\"elementor-tab-title-5941\" tabindex=\"0\" hidden=\"false\"><div class=\"container\"><div class=\"col\"><div class=\"col-item\"><div class=\"item-img\" style=\"background-image: url('https:\/\/brupharm.es\/wp-content\/uploads\/2021\/01\/BP-50d4-01-1.jpg');\">\u00a0<\/div><div class=\"item-content\"><ul><li>Seguro, Higi\u00e9nico y f\u00e1cil de limpiar<\/li><li>Mide nivel ox\u00edgeno y frecuencia del pulso<\/li><li>Mediciones r\u00e1pidas y precisas<\/li><li>Ligero y portable<\/li><li>Dise\u00f1ado para uso en casa, ejercicio y viajes<\/li><li>Bajo nivel de consumo hasta 24 horas continuadas<\/li><li>Apagado autom\u00e1tico despu\u00e9s de 5 segundos parado<\/li><\/ul><\/div><\/div><\/div><\/div><\/div>\n\t\t\t\t\t\t\t\t\t<div class=\"elementor-tab-title elementor-tab-mobile-title\" aria-selected=\"false\" data-tab=\"2\" role=\"tab\" tabindex=\"-1\" aria-controls=\"elementor-tab-content-5942\" aria-expanded=\"false\">Instructions<\/div>\n\t\t\t\t\t<div id=\"elementor-tab-content-5942\" class=\"elementor-tab-content elementor-clearfix\" data-tab=\"2\" role=\"tabpanel\" aria-labelledby=\"elementor-tab-title-5942\" tabindex=\"0\" hidden=\"hidden\"><div class=\"container\"><div class=\"col\"><div class=\"col-item-2\"><div class=\"item-img-2\" style=\"background-image: url('https:\/\/brupharm.es\/wp-content\/uploads\/2021\/01\/BP-50d4-03.jpg');\">\u00a0<\/div><div class=\"item-content-2\"><ol><li>Bot\u00f3n ON | OFF<\/li><li>Frecuencia Pulso<\/li><li>Gr\u00e1fico Frecuencia Pulso<\/li><li>Saturaci\u00f3n Ox\u00edgeno<\/li><li>Indicador Nivel Bater\u00eda<\/li><li>Sujeci\u00f3n para Cord\u00f3n<\/li><li>Tapa Bater\u00eda<\/li><\/ol><\/div><\/div><\/div><\/div><\/div>\n\t\t\t\t\t\t\t\t\t<div class=\"elementor-tab-title elementor-tab-mobile-title\" aria-selected=\"false\" data-tab=\"3\" role=\"tab\" tabindex=\"-1\" aria-controls=\"elementor-tab-content-5943\" aria-expanded=\"false\">Standards<\/div>\n\t\t\t\t\t<div id=\"elementor-tab-content-5943\" class=\"elementor-tab-content elementor-clearfix\" data-tab=\"3\" role=\"tabpanel\" aria-labelledby=\"elementor-tab-title-5943\" tabindex=\"0\" hidden=\"hidden\"><div class=\"container\"><div class=\"col\"><div class=\"col-item-3\"><div class=\"item-img-3\" style=\"background-image: url('https:\/\/brupharm.es\/wp-content\/uploads\/2021\/01\/BP-50d4-02.jpg');\">\u00a0<\/div><div class=\"item-content-3\"><ul><li>Rango Saturaci\u00f3n Ox\u00edgeno: 0% &#8211; 100%<\/li><li>Precisi\u00f3n: 70%-100% \u00b1 2<\/li><li>Rango Frecuencia Pulso: 30bpm-250bpm<\/li><li>Precisi\u00f3n: \u00b1 2bpm o \u00b1 2%<\/li><li>Resoluci\u00f3n: SpO2: 1%<\/li><li>Alimentaci\u00f3n: 2 bater\u00edas AAA incluidas<\/li><li>Dimensiones\/Peso: 5x3x3cm \/ 50gramos<\/li><\/ul><\/div><\/div><\/div><\/div><\/div>\n\t\t\t\t\t\t\t<\/div>\n\t\t<\/div>\n\t\t\t\t\t\t<\/div>\n\t\t\t\t<\/div>\n\t\t\t\t\t<\/div>\n\t\t<\/div>\n\t\t\t\t\t<\/div>\n\t\t<\/section>\n\t\t\t\t<\/div>","protected":false},"excerpt":{"rendered":"<p>Este pulsiox\u00edmetro ofrece velocidad y facilidad de uso a un precio asequible. Mide el nivel de ox\u00edgeno en la sangre y lee la frecuencia del pulso entre solo de ocho a diez segundos. Se adapta a todos los tama\u00f1os de dedos, desde ni\u00f1os mayores de cuatro a\u00f1os hasta adultos.<\/p>","protected":false},"featured_media":5408,"comment_status":"open","ping_status":"closed","template":"","meta":[],"product_brand":[],"product_cat":[95,102],"product_tag":[],"class_list":{"0":"post-5407","1":"product","2":"type-product","3":"status-publish","4":"has-post-thumbnail","6":"product_cat-deteccion","7":"product_cat-oximetro","9":"first","10":"instock","11":"taxable","12":"shipping-taxable","13":"purchasable","14":"product-type-simple","15":"layout-style-1","16":"col-md-4 col-sm-4 col-xs-6","17":"col-lg-3","18":"product-has-gallery","19":"product-style-quickview"},"_links":{"self":[{"href":"https:\/\/brupharm.es\/en\/wp-json\/wp\/v2\/product\/5407","targetHints":{"allow":["GET"]}}],"collection":[{"href":"https:\/\/brupharm.es\/en\/wp-json\/wp\/v2\/product"}],"about":[{"href":"https:\/\/brupharm.es\/en\/wp-json\/wp\/v2\/types\/product"}],"replies":[{"embeddable":true,"href":"https:\/\/brupharm.es\/en\/wp-json\/wp\/v2\/comments?post=5407"}],"version-history":[{"count":3,"href":"https:\/\/brupharm.es\/en\/wp-json\/wp\/v2\/product\/5407\/revisions"}],"predecessor-version":[{"id":8127,"href":"https:\/\/brupharm.es\/en\/wp-json\/wp\/v2\/product\/5407\/revisions\/8127"}],"wp:featuredmedia":[{"embeddable":true,"href":"https:\/\/brupharm.es\/en\/wp-json\/wp\/v2\/media\/5408"}],"wp:attachment":[{"href":"https:\/\/brupharm.es\/en\/wp-json\/wp\/v2\/media?parent=5407"}],"wp:term":[{"taxonomy":"product_brand","embeddable":true,"href":"https:\/\/brupharm.es\/en\/wp-json\/wp\/v2\/product_brand?post=5407"},{"taxonomy":"product_cat","embeddable":true,"href":"https:\/\/brupharm.es\/en\/wp-json\/wp\/v2\/product_cat?post=5407"},{"taxonomy":"product_tag","embeddable":true,"href":"https:\/\/brupharm.es\/en\/wp-json\/wp\/v2\/product_tag?post=5407"}],"curies":[{"name":"wp","href":"https:\/\/api.w.org\/{rel}","templated":true}]}}