{"id":5451,"date":"2021-01-02T22:28:25","date_gmt":"2021-01-02T21:28:25","guid":{"rendered":"https:\/\/brupharm.es\/?post_type=product&#038;p=5451"},"modified":"2021-09-04T23:01:59","modified_gmt":"2021-09-04T22:01:59","slug":"pulsioximetro-bppo60","status":"publish","type":"product","link":"https:\/\/brupharm.es\/en\/product\/pulsioximetro-bppo60\/","title":{"rendered":"Pulse Oximeter BPPO60"},"content":{"rendered":"<div data-elementor-type=\"product-post\" data-elementor-id=\"5451\" class=\"elementor elementor-5451\" data-elementor-post-type=\"product\">\n\t\t\t\t\t\t<section class=\"elementor-section elementor-top-section elementor-element elementor-element-170665a6 elementor-section-full_width elementor-section-height-default elementor-section-height-default\" data-id=\"170665a6\" data-element_type=\"section\" data-e-type=\"section\" data-settings=\"{&quot;background_background&quot;:&quot;classic&quot;}\">\n\t\t\t\t\t\t\t<div class=\"elementor-background-overlay\"><\/div>\n\t\t\t\t\t\t\t<div class=\"elementor-container elementor-column-gap-default\">\n\t\t\t\t\t<div class=\"elementor-column elementor-col-100 elementor-top-column elementor-element elementor-element-7af81151\" data-id=\"7af81151\" data-element_type=\"column\" data-e-type=\"column\" data-settings=\"{&quot;background_background&quot;:&quot;classic&quot;}\">\n\t\t\t<div class=\"elementor-widget-wrap elementor-element-populated\">\n\t\t\t\t\t\t<div class=\"elementor-element elementor-element-17e907ad elementor-tabs-view-horizontal elementor-widget elementor-widget-tabs\" data-id=\"17e907ad\" data-element_type=\"widget\" data-e-type=\"widget\" data-widget_type=\"tabs.default\">\n\t\t\t\t<div class=\"elementor-widget-container\">\n\t\t\t\t\t\t\t<div class=\"elementor-tabs\">\n\t\t\t<div class=\"elementor-tabs-wrapper\" role=\"tablist\" >\n\t\t\t\t\t\t\t\t\t<div id=\"elementor-tab-title-4011\" class=\"elementor-tab-title elementor-tab-desktop-title\" aria-selected=\"true\" data-tab=\"1\" role=\"tab\" tabindex=\"0\" aria-controls=\"elementor-tab-content-4011\" aria-expanded=\"false\">Features<\/div>\n\t\t\t\t\t\t\t\t\t<div id=\"elementor-tab-title-4012\" class=\"elementor-tab-title elementor-tab-desktop-title\" aria-selected=\"false\" data-tab=\"2\" role=\"tab\" tabindex=\"-1\" aria-controls=\"elementor-tab-content-4012\" aria-expanded=\"false\">Instructions<\/div>\n\t\t\t\t\t\t\t\t\t<div id=\"elementor-tab-title-4013\" class=\"elementor-tab-title elementor-tab-desktop-title\" aria-selected=\"false\" data-tab=\"3\" role=\"tab\" tabindex=\"-1\" aria-controls=\"elementor-tab-content-4013\" aria-expanded=\"false\">Standards<\/div>\n\t\t\t\t\t\t\t<\/div>\n\t\t\t<div class=\"elementor-tabs-content-wrapper\" role=\"tablist\" aria-orientation=\"vertical\">\n\t\t\t\t\t\t\t\t\t<div class=\"elementor-tab-title elementor-tab-mobile-title\" aria-selected=\"true\" data-tab=\"1\" role=\"tab\" tabindex=\"0\" aria-controls=\"elementor-tab-content-4011\" aria-expanded=\"false\">Features<\/div>\n\t\t\t\t\t<div id=\"elementor-tab-content-4011\" class=\"elementor-tab-content elementor-clearfix\" data-tab=\"1\" role=\"tabpanel\" aria-labelledby=\"elementor-tab-title-4011\" tabindex=\"0\" hidden=\"false\"><div class=\"container\"><div class=\"col\"><div class=\"col-item\"><div class=\"item-img\" style=\"background-image: url('https:\/\/brupharm.es\/wp-content\/uploads\/2021\/01\/BPPO60-01B.jpg');\">\u00a0<\/div><div class=\"item-content\"><ul><li>Seguro, Higi\u00e9nico y f\u00e1cil de limpiar<\/li><li>Mide nivel ox\u00edgeno y frecuencia del pulso<\/li><li>Mediciones r\u00e1pidas y precisas<\/li><li>Ligero y portable<\/li><li>Dise\u00f1ado para uso en casa, ejercicio y viajes<\/li><li>Memoria 100 mediciones<\/li><li>Apagado autom\u00e1tico despu\u00e9s de 10 segundos parado<\/li><\/ul><\/div><\/div><\/div><\/div><\/div>\n\t\t\t\t\t\t\t\t\t<div class=\"elementor-tab-title elementor-tab-mobile-title\" aria-selected=\"false\" data-tab=\"2\" role=\"tab\" tabindex=\"-1\" aria-controls=\"elementor-tab-content-4012\" aria-expanded=\"false\">Instructions<\/div>\n\t\t\t\t\t<div id=\"elementor-tab-content-4012\" class=\"elementor-tab-content elementor-clearfix\" data-tab=\"2\" role=\"tabpanel\" aria-labelledby=\"elementor-tab-title-4012\" tabindex=\"0\" hidden=\"hidden\"><div class=\"container\"><div class=\"col\"><div class=\"col-item-2\"><div class=\"item-img-2\" style=\"background-image: url('https:\/\/brupharm.es\/wp-content\/uploads\/2021\/01\/BPPO60-03B.jpg');\">\u00a0<\/div><div class=\"item-content-2\"><ol><li>Introduzca el dedo en la abertura del pulsiox\u00edmetro<br \/>tal como se muestra en la imagen y no lo mueva.<\/li><li>Pulse la tecla de funci\u00f3n. El pulsiox\u00edmetro comenzar\u00e1 la medici\u00f3n. No se mueva durante el proceso de medici\u00f3n.<\/li><li>Transcurridos unos segundos, aparecer\u00e1n en la pantalla los valores medidos.<\/li><li>Si retira el dedo del pulsiox\u00edmetro, el aparato se apagar\u00e1 autom\u00e1ticamente transcurridos aprox. 10 segundos.<\/li><\/ol><\/div><\/div><\/div><\/div><\/div>\n\t\t\t\t\t\t\t\t\t<div class=\"elementor-tab-title elementor-tab-mobile-title\" aria-selected=\"false\" data-tab=\"3\" role=\"tab\" tabindex=\"-1\" aria-controls=\"elementor-tab-content-4013\" aria-expanded=\"false\">Standards<\/div>\n\t\t\t\t\t<div id=\"elementor-tab-content-4013\" class=\"elementor-tab-content elementor-clearfix\" data-tab=\"3\" role=\"tabpanel\" aria-labelledby=\"elementor-tab-title-4013\" tabindex=\"0\" hidden=\"hidden\"><div class=\"container\"><div class=\"col\"><div class=\"col-item-3\"><div class=\"item-img-3\" style=\"background-image: url('https:\/\/brupharm.es\/wp-content\/uploads\/2021\/01\/BPPO60-01B.jpg');\">\u00a0<\/div><div class=\"item-content-3\"><ul><li>Rango Saturaci\u00f3n Ox\u00edgeno: 0% &#8211; 100%<\/li><li>Precisi\u00f3n: 70%-100% \u00b1 2<\/li><li>Rango Frecuencia Pulso: 30lpm-250lpm<\/li><li>Precisi\u00f3n: \u00b1 2lpm o \u00b1 2%<\/li><li>Resoluci\u00f3n: SpO2: 1%<\/li><li>Alimentaci\u00f3n: 2 bater\u00edas AAA incluidas<\/li><li>Dimensiones\/Peso: 5.5&#215;3.1&#215;3.2cm \/ 27gramos<\/li><\/ul><\/div><\/div><\/div><\/div><\/div>\n\t\t\t\t\t\t\t<\/div>\n\t\t<\/div>\n\t\t\t\t\t\t<\/div>\n\t\t\t\t<\/div>\n\t\t\t\t\t<\/div>\n\t\t<\/div>\n\t\t\t\t\t<\/div>\n\t\t<\/section>\n\t\t\t\t<\/div>","protected":false},"excerpt":{"rendered":"<p>Este pulsiox\u00edmetro mide la saturaci\u00f3n de ox\u00edgeno arterial y la frecuencia cardiaca. A trav\u00e9s de la innovadora interconexi\u00f3n <em>Bluetooth<\/em><sup>\u00ae<\/sup> los valores medidos se pueden transmitir muy f\u00e1cilmente a la aplicaci\u00f3n m\u00f3vil para iOS y Android \u00abHealth Manager\u00bb para evaluarlos en smartphones<\/p>","protected":false},"featured_media":5452,"comment_status":"open","ping_status":"closed","template":"","meta":[],"product_brand":[],"product_cat":[95,102],"product_tag":[],"class_list":{"0":"post-5451","1":"product","2":"type-product","3":"status-publish","4":"has-post-thumbnail","6":"product_cat-deteccion","7":"product_cat-oximetro","9":"first","10":"instock","11":"taxable","12":"shipping-taxable","13":"purchasable","14":"product-type-simple","15":"layout-style-1","16":"col-md-4 col-sm-4 col-xs-6","17":"col-lg-3","18":"product-has-gallery","19":"product-style-quickview"},"_links":{"self":[{"href":"https:\/\/brupharm.es\/en\/wp-json\/wp\/v2\/product\/5451","targetHints":{"allow":["GET"]}}],"collection":[{"href":"https:\/\/brupharm.es\/en\/wp-json\/wp\/v2\/product"}],"about":[{"href":"https:\/\/brupharm.es\/en\/wp-json\/wp\/v2\/types\/product"}],"replies":[{"embeddable":true,"href":"https:\/\/brupharm.es\/en\/wp-json\/wp\/v2\/comments?post=5451"}],"version-history":[{"count":3,"href":"https:\/\/brupharm.es\/en\/wp-json\/wp\/v2\/product\/5451\/revisions"}],"predecessor-version":[{"id":8133,"href":"https:\/\/brupharm.es\/en\/wp-json\/wp\/v2\/product\/5451\/revisions\/8133"}],"wp:featuredmedia":[{"embeddable":true,"href":"https:\/\/brupharm.es\/en\/wp-json\/wp\/v2\/media\/5452"}],"wp:attachment":[{"href":"https:\/\/brupharm.es\/en\/wp-json\/wp\/v2\/media?parent=5451"}],"wp:term":[{"taxonomy":"product_brand","embeddable":true,"href":"https:\/\/brupharm.es\/en\/wp-json\/wp\/v2\/product_brand?post=5451"},{"taxonomy":"product_cat","embeddable":true,"href":"https:\/\/brupharm.es\/en\/wp-json\/wp\/v2\/product_cat?post=5451"},{"taxonomy":"product_tag","embeddable":true,"href":"https:\/\/brupharm.es\/en\/wp-json\/wp\/v2\/product_tag?post=5451"}],"curies":[{"name":"wp","href":"https:\/\/api.w.org\/{rel}","templated":true}]}}